{"id":23559,"date":"2020-04-30T10:53:51","date_gmt":"2020-04-30T07:53:51","guid":{"rendered":"https:\/\/erkpvcmakine.com.tr\/iletisim\/"},"modified":"2025-05-08T11:05:50","modified_gmt":"2025-05-08T08:05:50","slug":"iletisim","status":"publish","type":"page","link":"https:\/\/erkpvcmakine.com.tr\/ru\/iletisim\/","title":{"rendered":"\u0421\u0432\u044f\u0437\u0430\u0442\u044c\u0441\u044f \u0441"},"content":{"rendered":"\t\t<div data-elementor-type=\"wp-page\" data-elementor-id=\"23559\" class=\"elementor elementor-23559 elementor-1449\" data-elementor-post-type=\"page\">\n\t\t\t\t\t\t<section class=\"elementor-section elementor-top-section elementor-element elementor-element-212a4cc elementor-section-stretched elementor-section-boxed elementor-section-height-default elementor-section-height-default sc_fly_static\" data-id=\"212a4cc\" data-element_type=\"section\" data-e-type=\"section\" data-settings=\"{&quot;stretch_section&quot;:&quot;section-stretched&quot;,&quot;background_background&quot;:&quot;classic&quot;}\">\n\t\t\t\t\t\t<div class=\"elementor-container elementor-column-gap-extended\">\n\t\t\t\t\t<div class=\"elementor-column elementor-col-100 elementor-top-column elementor-element elementor-element-addf04f sc_content_align_inherit sc_layouts_column_icons_position_left sc_fly_static\" data-id=\"addf04f\" data-element_type=\"column\" data-e-type=\"column\">\n\t\t\t<div class=\"elementor-widget-wrap elementor-element-populated\">\n\t\t\t\t\t\t<div class=\"elementor-element elementor-element-28d1e2a sc_height_huge sc_fly_static elementor-widget elementor-widget-spacer\" data-id=\"28d1e2a\" data-element_type=\"widget\" data-e-type=\"widget\" data-widget_type=\"spacer.default\">\n\t\t\t\t<div class=\"elementor-widget-container\">\n\t\t\t\t\t\t\t<div class=\"elementor-spacer\">\n\t\t\t<div class=\"elementor-spacer-inner\"><\/div>\n\t\t<\/div>\n\t\t\t\t\t\t<\/div>\n\t\t\t\t<\/div>\n\t\t\t\t<section class=\"elementor-section elementor-inner-section elementor-element elementor-element-852befa elementor-section-boxed elementor-section-height-default elementor-section-height-default sc_fly_static\" data-id=\"852befa\" data-element_type=\"section\" data-e-type=\"section\">\n\t\t\t\t\t\t<div class=\"elementor-container elementor-column-gap-no\">\n\t\t\t\t\t<div class=\"elementor-column elementor-col-50 elementor-inner-column elementor-element elementor-element-8b69d5d sc_content_align_inherit sc_layouts_column_icons_position_left sc_fly_static\" data-id=\"8b69d5d\" data-element_type=\"column\" data-e-type=\"column\">\n\t\t\t<div class=\"elementor-widget-wrap elementor-element-populated\">\n\t\t\t\t\t\t<div class=\"elementor-element elementor-element-3a4e7d7 sc_fly_static elementor-widget elementor-widget-trx_sc_title\" data-id=\"3a4e7d7\" data-element_type=\"widget\" data-e-type=\"widget\" data-widget_type=\"trx_sc_title.default\">\n\t\t\t\t<div class=\"elementor-widget-container\">\n\t\t\t\t\t<div\t\tclass=\"sc_title sc_title_default\" ><span class=\"sc_item_subtitle sc_title_subtitle sc_item_subtitle_above sc_item_title_style_default\">\u0421\u0432\u044f\u0436\u0438\u0442\u0435\u0441\u044c \u0441 \u043d\u0430\u043c\u0438<\/span><h1 class=\"sc_item_title sc_title_title sc_item_title_style_default sc_item_title_tag\"\n\t\t\t><span class=\"sc_item_title_text\">\u041a\u043e\u043d\u0442\u0430\u043a\u0442\u043d\u0430\u044f \u0438\u043d\u0444\u043e\u0440\u043c\u0430\u0446\u0438\u044f<\/span><\/h1><div class=\"sc_item_descr sc_title_descr\"><p>\u0412\u044b \u043c\u043e\u0436\u0435\u0442\u0435 \u0441\u0432\u044f\u0437\u0430\u0442\u044c\u0441\u044f \u0441 \u043d\u0430\u043c\u0438 \u0447\u0435\u0440\u0435\u0437 \u0444\u043e\u0440\u043c\u0443 \u043e\u0431\u0440\u0430\u0442\u043d\u043e\u0439 \u0441\u0432\u044f\u0437\u0438, \u043d\u0430\u043f\u0438\u0441\u0430\u0442\u044c \u043d\u0430\u043c \u0441 \u043d\u0430\u0448\u0435\u0433\u043e \u044d\u043b\u0435\u043a\u0442\u0440\u043e\u043d\u043d\u043e\u0433\u043e \u0430\u0434\u0440\u0435\u0441\u0430 \u0438\u043b\u0438 \u043f\u043e\u0437\u0432\u043e\u043d\u0438\u0442\u044c \u043f\u043e \u0442\u0435\u043b\u0435\u0444\u043e\u043d\u0443. \u041d\u0430\u0448\u0438 \u0441\u043f\u0435\u0446\u0438\u0430\u043b\u0438\u0441\u0442\u044b \u0431\u0443\u0434\u0443\u0442 \u0440\u0430\u0434\u044b \u043f\u043e\u043c\u043e\u0447\u044c \u0412\u0430\u043c.<\/p>\n<\/div><\/div>\t\t\t\t<\/div>\n\t\t\t\t<\/div>\n\t\t\t\t\t<\/div>\n\t\t<\/div>\n\t\t\t\t<div class=\"elementor-column elementor-col-50 elementor-inner-column elementor-element elementor-element-8d299ac sc_content_align_inherit sc_layouts_column_icons_position_left sc_fly_static\" data-id=\"8d299ac\" data-element_type=\"column\" data-e-type=\"column\">\n\t\t\t<div class=\"elementor-widget-wrap elementor-element-populated\">\n\t\t\t\t\t\t<div class=\"elementor-element elementor-element-54d5b3b sc_layouts_hide_on_tablet sc_layouts_hide_on_mobile sc_fly_static elementor-widget elementor-widget-spacer\" data-id=\"54d5b3b\" data-element_type=\"widget\" data-e-type=\"widget\" data-widget_type=\"spacer.default\">\n\t\t\t\t<div class=\"elementor-widget-container\">\n\t\t\t\t\t\t\t<div class=\"elementor-spacer\">\n\t\t\t<div class=\"elementor-spacer-inner\"><\/div>\n\t\t<\/div>\n\t\t\t\t\t\t<\/div>\n\t\t\t\t<\/div>\n\t\t\t\t<div class=\"elementor-element elementor-element-69882c9 sc_layouts_hide_on_notebook sc_fly_static elementor-widget elementor-widget-spacer\" data-id=\"69882c9\" data-element_type=\"widget\" data-e-type=\"widget\" data-widget_type=\"spacer.default\">\n\t\t\t\t<div class=\"elementor-widget-container\">\n\t\t\t\t\t\t\t<div class=\"elementor-spacer\">\n\t\t\t<div class=\"elementor-spacer-inner\"><\/div>\n\t\t<\/div>\n\t\t\t\t\t\t<\/div>\n\t\t\t\t<\/div>\n\t\t\t\t<div class=\"elementor-element elementor-element-69658be sc_fly_static elementor-widget elementor-widget-trx_sc_icons\" data-id=\"69658be\" data-element_type=\"widget\" data-e-type=\"widget\" data-widget_type=\"trx_sc_icons.default\">\n\t\t\t\t<div class=\"elementor-widget-container\">\n\t\t\t\t\t<div \tclass=\"sc_icons sc_icons_bordered sc_icons_size_small sc_align_none\" ><div class=\"sc_icons_columns_wrap sc_item_columns trx_addons_columns_wrap columns_padding_bottom columns_in_single_row\" ><div class=\"trx_addons_column-1_2 trx_addons_column-1_1-tablet\"><div class=\"sc_icons_item\"><div class=\"sc_icons_icon sc_icon_type_ icon-marker\" ><span class=\"sc_icon_type_ icon-marker\"><\/span><\/div><div class=\"sc_icons_item_details\"><h4 class=\"sc_icons_item_title\"><span>\u0410\u0434\u0440\u0435\u0441<\/span><\/h4><div class=\"sc_icons_item_description\"><span>\u00d6rnek Mah. Erzurum Kong. Cad. 1348. Sok. No:1 \/ 1 <\/span><span>Esenyurt, \u0130stanbul, T\u00fcrkiye<\/span><\/div><\/div><\/div><\/div><div class=\"trx_addons_column-1_2 trx_addons_column-1_1-tablet\"><div class=\"sc_icons_item sc_icons_item_linked with_more\"><div class=\"sc_icons_icon sc_icon_type_ icon-iphone\" ><span class=\"sc_icon_type_ icon-iphone\"><\/span><\/div><div class=\"sc_icons_item_details\"><h4 class=\"sc_icons_item_title\"><a href=\"tel:+902126230050\">\n                                    \u0421\u0432\u044f\u0437\u0430\u0442\u044c\u0441\u044f \u0441                                    <\/a><\/h4><div class=\"sc_icons_item_description\"><span><a href=\"mailto:info@erkpvcmakine.com.tr\">info@erkpvcmakine.com.tr<\/a><\/span><\/div><a href=\"tel:+902126230050\" class=\"sc_icons_item_more_link\">\n                        <span class=\"link_text\">+90 ( 212 ) 623 0 050<\/span><span class=\"link_icon\"><\/span>\n                        <\/a><a href=\"tel:+902126230050\"\n                        class=\"sc_icons_item_link\">\n                        <\/a><\/div><\/div><\/div><\/div><\/div><!-- \/.sc_icons -->\t\t\t\t<\/div>\n\t\t\t\t<\/div>\n\t\t\t\t\t<\/div>\n\t\t<\/div>\n\t\t\t\t\t<\/div>\n\t\t<\/section>\n\t\t\t\t<div class=\"elementor-element elementor-element-dda46cd sc_height_medium sc_fly_static elementor-widget elementor-widget-spacer\" data-id=\"dda46cd\" data-element_type=\"widget\" data-e-type=\"widget\" data-widget_type=\"spacer.default\">\n\t\t\t\t<div class=\"elementor-widget-container\">\n\t\t\t\t\t\t\t<div class=\"elementor-spacer\">\n\t\t\t<div class=\"elementor-spacer-inner\"><\/div>\n\t\t<\/div>\n\t\t\t\t\t\t<\/div>\n\t\t\t\t<\/div>\n\t\t\t\t\t<\/div>\n\t\t<\/div>\n\t\t\t\t\t<\/div>\n\t\t<\/section>\n\t\t\t\t<section class=\"elementor-section elementor-top-section elementor-element elementor-element-167462d elementor-section-stretched elementor-section-full_width elementor-section-content-middle elementor-section-height-default elementor-section-height-default sc_fly_static\" data-id=\"167462d\" data-element_type=\"section\" data-e-type=\"section\" data-settings=\"{&quot;stretch_section&quot;:&quot;section-stretched&quot;,&quot;background_background&quot;:&quot;classic&quot;}\">\n\t\t\t\t\t\t<div class=\"elementor-container elementor-column-gap-no\">\n\t\t\t\t\t<div class=\"elementor-column elementor-col-50 elementor-top-column elementor-element elementor-element-841daf8 sc_content_align_inherit sc_layouts_column_icons_position_left sc_fly_static\" data-id=\"841daf8\" data-element_type=\"column\" data-e-type=\"column\">\n\t\t\t<div class=\"elementor-widget-wrap elementor-element-populated\">\n\t\t\t\t\t\t<div class=\"elementor-element elementor-element-06ed644 sc_fly_static elementor-widget elementor-widget-trx_sc_googlemap\" data-id=\"06ed644\" data-element_type=\"widget\" data-e-type=\"widget\" data-widget_type=\"trx_sc_googlemap.default\">\n\t\t\t\t<div class=\"elementor-widget-container\">\n\t\t\t\t\t<div id=\"sc_googlemap_1880301396_wrap\" class=\"sc_googlemap_wrap\"><div id=\"sc_googlemap_1880301396\"\t\t\tclass=\"sc_item_content sc_map sc_googlemap sc_googlemap_default trx_addons_inline_31781306\"\n\t\t\t \t\t\tdata-zoom=\"16\"\n\t\t\tdata-center=\"\"\n\t\t\tdata-style=\"extra\"\n\t\t\tdata-map-id=\"\"\n\t\t\tdata-cluster-icon=\"\"\n\t\t\t><iframe\n\t\t\t\t\t\tsrc=\"https:\/\/maps.google.com\/maps?t=m&output=embed&iwloc=near&z=16&q=erk+pvc\"\n\t\t\t\t\t\taria-label=\"\"><\/iframe><\/div><\/div>\t\t\t\t<\/div>\n\t\t\t\t<\/div>\n\t\t\t\t\t<\/div>\n\t\t<\/div>\n\t\t\t\t<div class=\"elementor-column elementor-col-50 elementor-top-column elementor-element elementor-element-c56ecb7 sc_content_align_inherit sc_layouts_column_icons_position_left sc_fly_static\" data-id=\"c56ecb7\" data-element_type=\"column\" data-e-type=\"column\">\n\t\t\t<div class=\"elementor-widget-wrap elementor-element-populated\">\n\t\t\t\t\t\t<div class=\"elementor-element elementor-element-a37ccf2 sc_height_small sc_layouts_hide_on_tablet sc_layouts_hide_on_mobile sc_fly_static elementor-widget elementor-widget-spacer\" data-id=\"a37ccf2\" data-element_type=\"widget\" data-e-type=\"widget\" data-widget_type=\"spacer.default\">\n\t\t\t\t<div class=\"elementor-widget-container\">\n\t\t\t\t\t\t\t<div class=\"elementor-spacer\">\n\t\t\t<div class=\"elementor-spacer-inner\"><\/div>\n\t\t<\/div>\n\t\t\t\t\t\t<\/div>\n\t\t\t\t<\/div>\n\t\t\t\t<div class=\"elementor-element elementor-element-a3534fb sc_height_huge sc_layouts_hide_on_wide sc_layouts_hide_on_desktop sc_layouts_hide_on_notebook sc_fly_static elementor-widget elementor-widget-spacer\" data-id=\"a3534fb\" data-element_type=\"widget\" data-e-type=\"widget\" data-widget_type=\"spacer.default\">\n\t\t\t\t<div class=\"elementor-widget-container\">\n\t\t\t\t\t\t\t<div class=\"elementor-spacer\">\n\t\t\t<div class=\"elementor-spacer-inner\"><\/div>\n\t\t<\/div>\n\t\t\t\t\t\t<\/div>\n\t\t\t\t<\/div>\n\t\t\t\t<div class=\"elementor-element elementor-element-6c5a2d2 sc_fly_static elementor-widget elementor-widget-trx_sc_title\" data-id=\"6c5a2d2\" data-element_type=\"widget\" data-e-type=\"widget\" data-widget_type=\"trx_sc_title.default\">\n\t\t\t\t<div class=\"elementor-widget-container\">\n\t\t\t\t\t<div\t\tclass=\"sc_title sc_title_default\" ><span class=\"sc_item_subtitle sc_title_subtitle sc_item_subtitle_above sc_item_title_style_default\">\u041d\u0430\u043f\u0438\u0448\u0438\u0442\u0435 \u043d\u0430\u043c<\/span><h2 class=\"sc_item_title sc_title_title sc_item_title_style_default\"\n\t\t\t><span class=\"sc_item_title_text\">\u041a\u043e\u043d\u0442\u0430\u043a\u0442\u043d\u0430\u044f \u0444\u043e\u0440\u043c\u0430<\/span><\/h2><\/div>\t\t\t\t<\/div>\n\t\t\t\t<\/div>\n\t\t\t\t<div class=\"elementor-element elementor-element-5d1203b sc_fly_static elementor-widget elementor-widget-spacer\" data-id=\"5d1203b\" data-element_type=\"widget\" data-e-type=\"widget\" data-widget_type=\"spacer.default\">\n\t\t\t\t<div class=\"elementor-widget-container\">\n\t\t\t\t\t\t\t<div class=\"elementor-spacer\">\n\t\t\t<div class=\"elementor-spacer-inner\"><\/div>\n\t\t<\/div>\n\t\t\t\t\t\t<\/div>\n\t\t\t\t<\/div>\n\t\t\t\t<div class=\"elementor-element elementor-element-d2d6947 elementor-button-align-start sc_fly_static elementor-widget elementor-widget-form\" data-id=\"d2d6947\" data-element_type=\"widget\" data-e-type=\"widget\" data-settings=\"{&quot;step_next_label&quot;:&quot;Next&quot;,&quot;step_previous_label&quot;:&quot;Previous&quot;,&quot;button_width&quot;:&quot;100&quot;,&quot;step_type&quot;:&quot;number_text&quot;,&quot;step_icon_shape&quot;:&quot;circle&quot;}\" data-widget_type=\"form.default\">\n\t\t\t\t<div class=\"elementor-widget-container\">\n\t\t\t\t\t\t\t<form class=\"elementor-form\" method=\"post\" name=\"\u0130leti\u015fim Formu\" aria-label=\"\u0130leti\u015fim Formu\">\n\t\t\t<input type=\"hidden\" name=\"post_id\" value=\"23559\"\/>\n\t\t\t<input type=\"hidden\" name=\"form_id\" value=\"d2d6947\"\/>\n\t\t\t<input type=\"hidden\" name=\"referer_title\" value=\"\" \/>\n\n\t\t\t\n\t\t\t<div class=\"elementor-form-fields-wrapper elementor-labels-\">\n\t\t\t\t\t\t\t\t<div class=\"elementor-field-type-text elementor-field-group elementor-column elementor-field-group-name elementor-col-100\">\n\t\t\t\t\t\t\t\t\t\t\t\t<label for=\"form-field-name\" class=\"elementor-field-label elementor-screen-only\">\n\t\t\t\t\t\t\t\t\u0418\u043c\u044f \u0424\u0430\u043c\u0438\u043b\u0438\u044f\t\t\t\t\t\t\t<\/label>\n\t\t\t\t\t\t\t\t\t\t\t\t\t\t<input size=\"1\" type=\"text\" name=\"form_fields[name]\" id=\"form-field-name\" class=\"elementor-field elementor-size-md  elementor-field-textual\" placeholder=\"\u0418\u043c\u044f \u0424\u0430\u043c\u0438\u043b\u0438\u044f\">\n\t\t\t\t\t\t\t\t\t\t\t<\/div>\n\t\t\t\t\t\t\t\t<div class=\"elementor-field-type-tel elementor-field-group elementor-column elementor-field-group-field_f092ab2 elementor-col-100 elementor-field-required\">\n\t\t\t\t\t\t\t\t\t\t\t\t<label for=\"form-field-field_f092ab2\" class=\"elementor-field-label elementor-screen-only\">\n\t\t\t\t\t\t\t\t\u0422\u0435\u043b\u0435\u0444\u043e\u043d\t\t\t\t\t\t\t<\/label>\n\t\t\t\t\t\t\t\t<input size=\"1\" type=\"tel\" name=\"form_fields[field_f092ab2]\" id=\"form-field-field_f092ab2\" class=\"elementor-field elementor-size-md  elementor-field-textual\" placeholder=\"\u0422\u0435\u043b\u0435\u0444\u043e\u043d\" required=\"required\" pattern=\"[0-9()#&amp;+*-=.]+\" title=\"Only numbers and phone characters (#, -, *, etc) are accepted.\">\n\n\t\t\t\t\t\t<\/div>\n\t\t\t\t\t\t\t\t<div class=\"elementor-field-type-email elementor-field-group elementor-column elementor-field-group-email elementor-col-100 elementor-field-required\">\n\t\t\t\t\t\t\t\t\t\t\t\t<label for=\"form-field-email\" class=\"elementor-field-label elementor-screen-only\">\n\t\t\t\t\t\t\t\t\u042d\u043b\u0435\u043a\u0442\u0440\u043e\u043d\u043d\u0430\u044f \u043f\u043e\u0447\u0442\u0430\t\t\t\t\t\t\t<\/label>\n\t\t\t\t\t\t\t\t\t\t\t\t\t\t<input size=\"1\" type=\"email\" name=\"form_fields[email]\" id=\"form-field-email\" class=\"elementor-field elementor-size-md  elementor-field-textual\" placeholder=\"\u042d\u043b\u0435\u043a\u0442\u0440\u043e\u043d\u043d\u0430\u044f \u043f\u043e\u0447\u0442\u0430\" required=\"required\">\n\t\t\t\t\t\t\t\t\t\t\t<\/div>\n\t\t\t\t\t\t\t\t<div class=\"elementor-field-type-textarea elementor-field-group elementor-column elementor-field-group-message elementor-col-100 elementor-field-required\">\n\t\t\t\t\t\t\t\t\t\t\t\t<label for=\"form-field-message\" class=\"elementor-field-label elementor-screen-only\">\n\t\t\t\t\t\t\t\t\u0412\u0430\u0448\u0435 \u0441\u043e\u043e\u0431\u0449\u0435\u043d\u0438\u0435\t\t\t\t\t\t\t<\/label>\n\t\t\t\t\t\t<textarea class=\"elementor-field-textual elementor-field  elementor-size-md\" name=\"form_fields[message]\" id=\"form-field-message\" rows=\"4\" placeholder=\"\u0412\u0430\u0448\u0435 \u0441\u043e\u043e\u0431\u0449\u0435\u043d\u0438\u0435\" required=\"required\"><\/textarea>\t\t\t\t<\/div>\n\t\t\t\t\t\t\t\t<div class=\"elementor-field-group elementor-column elementor-field-type-submit elementor-col-100 e-form__buttons\">\n\t\t\t\t\t<button class=\"elementor-button elementor-size-sm\" type=\"submit\">\n\t\t\t\t\t\t<span class=\"elementor-button-content-wrapper\">\n\t\t\t\t\t\t\t\t\t\t\t\t\t\t\t\t\t\t\t\t\t\t<span class=\"elementor-button-text\">\u041e\u0442\u043f\u0440\u0430\u0432\u0438\u0442\u044c \u0441\u043e\u043e\u0431\u0449\u0435\u043d\u0438\u0435<\/span>\n\t\t\t\t\t\t\t\t\t\t\t\t\t<\/span>\n\t\t\t\t\t<\/button>\n\t\t\t\t<\/div>\n\t\t\t<\/div>\n\t\t<\/form>\n\t\t\t\t\t\t<\/div>\n\t\t\t\t<\/div>\n\t\t\t\t<div class=\"elementor-element elementor-element-b0b5976 sc_height_small sc_layouts_hide_on_tablet sc_layouts_hide_on_mobile sc_fly_static elementor-widget elementor-widget-spacer\" data-id=\"b0b5976\" data-element_type=\"widget\" data-e-type=\"widget\" data-widget_type=\"spacer.default\">\n\t\t\t\t<div class=\"elementor-widget-container\">\n\t\t\t\t\t\t\t<div class=\"elementor-spacer\">\n\t\t\t<div class=\"elementor-spacer-inner\"><\/div>\n\t\t<\/div>\n\t\t\t\t\t\t<\/div>\n\t\t\t\t<\/div>\n\t\t\t\t<div class=\"elementor-element elementor-element-f376d21 sc_height_huge sc_layouts_hide_on_wide sc_layouts_hide_on_desktop sc_layouts_hide_on_notebook sc_fly_static elementor-widget elementor-widget-spacer\" data-id=\"f376d21\" data-element_type=\"widget\" data-e-type=\"widget\" data-widget_type=\"spacer.default\">\n\t\t\t\t<div class=\"elementor-widget-container\">\n\t\t\t\t\t\t\t<div class=\"elementor-spacer\">\n\t\t\t<div class=\"elementor-spacer-inner\"><\/div>\n\t\t<\/div>\n\t\t\t\t\t\t<\/div>\n\t\t\t\t<\/div>\n\t\t\t\t\t<\/div>\n\t\t<\/div>\n\t\t\t\t\t<\/div>\n\t\t<\/section>\n\t\t\t\t<section class=\"elementor-section elementor-top-section elementor-element elementor-element-11353a9 elementor-section-stretched scheme_default elementor-section-boxed elementor-section-height-default elementor-section-height-default sc_fly_static\" data-id=\"11353a9\" data-element_type=\"section\" data-e-type=\"section\" data-settings=\"{&quot;stretch_section&quot;:&quot;section-stretched&quot;,&quot;background_background&quot;:&quot;classic&quot;}\">\n\t\t\t\t\t\t<div class=\"elementor-container elementor-column-gap-extended\">\n\t\t\t\t\t<div class=\"elementor-column elementor-col-100 elementor-top-column elementor-element elementor-element-788bf4e sc_content_align_inherit sc_layouts_column_icons_position_left sc_fly_static\" data-id=\"788bf4e\" data-element_type=\"column\" data-e-type=\"column\">\n\t\t\t<div class=\"elementor-widget-wrap elementor-element-populated\">\n\t\t\t\t\t\t<div class=\"elementor-element elementor-element-2d6565b sc_height_huge sc_fly_static elementor-widget elementor-widget-spacer\" data-id=\"2d6565b\" data-element_type=\"widget\" data-e-type=\"widget\" data-widget_type=\"spacer.default\">\n\t\t\t\t<div class=\"elementor-widget-container\">\n\t\t\t\t\t\t\t<div class=\"elementor-spacer\">\n\t\t\t<div class=\"elementor-spacer-inner\"><\/div>\n\t\t<\/div>\n\t\t\t\t\t\t<\/div>\n\t\t\t\t<\/div>\n\t\t\t\t<section class=\"elementor-section elementor-inner-section elementor-element elementor-element-068dff9 elementor-section-boxed elementor-section-height-default elementor-section-height-default sc_fly_static\" data-id=\"068dff9\" data-element_type=\"section\" data-e-type=\"section\">\n\t\t\t\t\t\t<div class=\"elementor-container elementor-column-gap-no\">\n\t\t\t\t\t<div class=\"elementor-column elementor-col-100 elementor-inner-column elementor-element elementor-element-fdb4a42 sc_content_align_inherit sc_layouts_column_icons_position_left sc_fly_static\" data-id=\"fdb4a42\" data-element_type=\"column\" data-e-type=\"column\">\n\t\t\t<div class=\"elementor-widget-wrap elementor-element-populated\">\n\t\t\t\t\t\t<div class=\"elementor-element elementor-element-2c7ad9e sc_fly_static elementor-widget elementor-widget-trx_sc_icons\" data-id=\"2c7ad9e\" data-element_type=\"widget\" data-e-type=\"widget\" data-widget_type=\"trx_sc_icons.default\">\n\t\t\t\t<div class=\"elementor-widget-container\">\n\t\t\t\t\t<div \tclass=\"sc_icons sc_icons_extra sc_icons_size_large sc_align_center\" ><div class=\"sc_icons_columns_wrap sc_item_columns trx_addons_columns_wrap columns_padding_bottom\" ><div class=\"trx_addons_column-1_3\"><div class=\"sc_icons_item\"><div class=\"sc_icons_image\" ><img decoding=\"async\" src=\"\/\/erkpvcmakine.com.tr\/wp-content\/uploads\/2023\/03\/genel-mudur.png\" alt=\"Icon\" width=\"64\" height=\"64\" title=\"- Erk Pvc Makine\"><\/div><div class=\"sc_icons_item_details\"><h4 class=\"sc_icons_item_title\"><span>\u0413\u0435\u043d\u0435\u0440\u0430\u043b\u044c\u043d\u044b\u0439 \u0434\u0438\u0440\u0435\u043a\u0442\u043e\u0440<\/span><\/h4><div class=\"sc_icons_item_description\"><span>Salih ULAKCI<\/span><span>Fazl\u0131 \u00dcNL\u00dc<\/span><span>info@erkpvcmakine.com.tr<\/span><\/div><\/div><\/div><\/div><div class=\"trx_addons_column-1_3\"><div class=\"sc_icons_item\"><div class=\"sc_icons_image\" ><img decoding=\"async\" src=\"\/\/erkpvcmakine.com.tr\/wp-content\/uploads\/2023\/03\/teknik-destek-1.png\" alt=\"Icon\" width=\"64\" height=\"64\" title=\"- Erk Pvc Makine\"><\/div><div class=\"sc_icons_item_details\"><h4 class=\"sc_icons_item_title\"><span>\u0422\u0435\u0445\u043d\u0438\u0447\u0435\u0441\u043a\u0430\u044f \u043f\u043e\u0434\u0434\u0435\u0440\u0436\u043a\u0430<\/span><\/h4><div class=\"sc_icons_item_description\"><span>arge@erkpvcmakine.com.tr<\/span><span>teknik@erkpvcmakine.com.tr<\/span><\/div><\/div><\/div><\/div><div class=\"trx_addons_column-1_3\"><div class=\"sc_icons_item\"><div class=\"sc_icons_image\" ><img decoding=\"async\" src=\"\/\/erkpvcmakine.com.tr\/wp-content\/uploads\/2023\/03\/satis-pazarlama.png\" alt=\"Icon\" width=\"64\" height=\"60\" title=\"- Erk Pvc Makine\"><\/div><div class=\"sc_icons_item_details\"><h4 class=\"sc_icons_item_title\"><span>\u041c\u0430\u0440\u043a\u0435\u0442\u0438\u043d\u0433 \u043f\u0440\u043e\u0434\u0430\u0436<\/span><\/h4><div class=\"sc_icons_item_description\"><span>+90 (539) 336 6 404<\/span><span><\/span><span>sales@erkpvcmakine.com.tr<\/span><\/div><\/div><\/div><\/div><div class=\"trx_addons_column-1_3\"><div class=\"sc_icons_item\"><div class=\"sc_icons_image\" ><img loading=\"lazy\" decoding=\"async\" src=\"\/\/erkpvcmakine.com.tr\/wp-content\/uploads\/2023\/03\/finans.png\" alt=\"Icon\" width=\"64\" height=\"57\" title=\"- Erk Pvc Makine\"><\/div><div class=\"sc_icons_item_details\"><h4 class=\"sc_icons_item_title\"><span>\u0424\u0438\u043d\u0430\u043d\u0441\u044b<\/span><\/h4><div class=\"sc_icons_item_description\"><span>finans@erkpvcmakine.com.tr<\/span><\/div><\/div><\/div><\/div><div class=\"trx_addons_column-1_3\"><div class=\"sc_icons_item\"><div class=\"sc_icons_image\" ><img loading=\"lazy\" decoding=\"async\" src=\"\/\/erkpvcmakine.com.tr\/wp-content\/uploads\/2023\/03\/satin-alma.png\" alt=\"Icon\" width=\"64\" height=\"63\" title=\"- Erk Pvc Makine\"><\/div><div class=\"sc_icons_item_details\"><h4 class=\"sc_icons_item_title\"><span>\u0417\u0430\u043a\u0443\u043f\u043a\u0438<\/span><\/h4><div class=\"sc_icons_item_description\"><span>+90 ( 212 ) 623 0 050<\/span><span>fazli@erkpvcmakine.com.tr<\/span><\/div><\/div><\/div><\/div><\/div><\/div><!-- \/.sc_icons -->\t\t\t\t<\/div>\n\t\t\t\t<\/div>\n\t\t\t\t\t<\/div>\n\t\t<\/div>\n\t\t\t\t\t<\/div>\n\t\t<\/section>\n\t\t\t\t<div class=\"elementor-element elementor-element-c490238 sc_height_huge sc_fly_static elementor-widget elementor-widget-spacer\" data-id=\"c490238\" data-element_type=\"widget\" data-e-type=\"widget\" data-widget_type=\"spacer.default\">\n\t\t\t\t<div class=\"elementor-widget-container\">\n\t\t\t\t\t\t\t<div class=\"elementor-spacer\">\n\t\t\t<div class=\"elementor-spacer-inner\"><\/div>\n\t\t<\/div>\n\t\t\t\t\t\t<\/div>\n\t\t\t\t<\/div>\n\t\t\t\t\t<\/div>\n\t\t<\/div>\n\t\t\t\t\t<\/div>\n\t\t<\/section>\n\t\t\t\t<\/div>\n\t\t","protected":false},"excerpt":{"rendered":"<p>\u0421\u0432\u044f\u0436\u0438\u0442\u0435\u0441\u044c \u0441 \u043d\u0430\u043c\u0438 \u041a\u043e\u043d\u0442\u0430\u043a\u0442\u043d\u0430\u044f \u0438\u043d\u0444\u043e\u0440\u043c\u0430\u0446\u0438\u044f \u0412\u044b \u043c\u043e\u0436\u0435\u0442\u0435 \u0441\u0432\u044f\u0437\u0430\u0442\u044c\u0441\u044f \u0441 \u043d\u0430\u043c\u0438 \u0447\u0435\u0440\u0435\u0437 \u0444\u043e\u0440\u043c\u0443 \u043e\u0431\u0440\u0430\u0442\u043d\u043e\u0439 \u0441\u0432\u044f\u0437\u0438, \u043d\u0430\u043f\u0438\u0441\u0430\u0442\u044c&hellip;<\/p>\n","protected":false},"author":1,"featured_media":0,"parent":0,"menu_order":0,"comment_status":"closed","ping_status":"closed","template":"","meta":{"footnotes":""},"class_list":["post-23559","page","type-page","status-publish","hentry"],"_links":{"self":[{"href":"https:\/\/erkpvcmakine.com.tr\/ru\/wp-json\/wp\/v2\/pages\/23559","targetHints":{"allow":["GET"]}}],"collection":[{"href":"https:\/\/erkpvcmakine.com.tr\/ru\/wp-json\/wp\/v2\/pages"}],"about":[{"href":"https:\/\/erkpvcmakine.com.tr\/ru\/wp-json\/wp\/v2\/types\/page"}],"author":[{"embeddable":true,"href":"https:\/\/erkpvcmakine.com.tr\/ru\/wp-json\/wp\/v2\/users\/1"}],"replies":[{"embeddable":true,"href":"https:\/\/erkpvcmakine.com.tr\/ru\/wp-json\/wp\/v2\/comments?post=23559"}],"version-history":[{"count":13,"href":"https:\/\/erkpvcmakine.com.tr\/ru\/wp-json\/wp\/v2\/pages\/23559\/revisions"}],"predecessor-version":[{"id":24526,"href":"https:\/\/erkpvcmakine.com.tr\/ru\/wp-json\/wp\/v2\/pages\/23559\/revisions\/24526"}],"wp:attachment":[{"href":"https:\/\/erkpvcmakine.com.tr\/ru\/wp-json\/wp\/v2\/media?parent=23559"}],"curies":[{"name":"wp","href":"https:\/\/api.w.org\/{rel}","templated":true}]}}